{"id":14,"date":"2026-05-13T10:48:27","date_gmt":"2026-05-13T08:48:27","guid":{"rendered":"https:\/\/www.paar-exzellenz.de\/?page_id=14"},"modified":"2026-05-13T11:37:45","modified_gmt":"2026-05-13T09:37:45","slug":"startseite","status":"publish","type":"page","link":"https:\/\/www.paar-exzellenz.de\/","title":{"rendered":""},"content":{"rendered":"\n<div class=\"wp-block-group alignfull has-global-padding is-layout-constrained wp-container-core-group-is-layout-c75e7cd3 wp-block-group-is-layout-constrained\" style=\"min-height:0vh;margin-top:0;margin-bottom:0;padding-top:0;padding-right:var(--wp--preset--spacing--40);padding-bottom:0;padding-left:var(--wp--preset--spacing--40)\">\n<div class=\"wp-block-group alignfull is-layout-flow wp-container-core-group-is-layout-c7cbe3b5 wp-block-group-is-layout-flow\" style=\"margin-top:var(--wp--preset--spacing--40);margin-bottom:var(--wp--preset--spacing--40);padding-top:0;padding-bottom:0\"><div style=\"padding-top:0;padding-bottom:0;margin-top:0;margin-bottom:0;margin-left:0;margin-right:0;\" class=\"aligncenter is-style-default wp-block-site-logo\"><a href=\"https:\/\/www.paar-exzellenz.de\/\" class=\"custom-logo-link\" rel=\"home\"><img loading=\"lazy\" decoding=\"async\" width=\"280\" height=\"280\" src=\"https:\/\/www.paar-exzellenz.de\/wp-content\/uploads\/2026\/05\/PAAR-EXZELLENZ-2.png\" class=\"custom-logo\" alt=\"Paar Exzellenz\" srcset=\"https:\/\/www.paar-exzellenz.de\/wp-content\/uploads\/2026\/05\/PAAR-EXZELLENZ-2.png 1563w, https:\/\/www.paar-exzellenz.de\/wp-content\/uploads\/2026\/05\/PAAR-EXZELLENZ-2-300x300.png 300w, https:\/\/www.paar-exzellenz.de\/wp-content\/uploads\/2026\/05\/PAAR-EXZELLENZ-2-1024x1024.png 1024w, https:\/\/www.paar-exzellenz.de\/wp-content\/uploads\/2026\/05\/PAAR-EXZELLENZ-2-150x150.png 150w, https:\/\/www.paar-exzellenz.de\/wp-content\/uploads\/2026\/05\/PAAR-EXZELLENZ-2-768x768.png 768w, https:\/\/www.paar-exzellenz.de\/wp-content\/uploads\/2026\/05\/PAAR-EXZELLENZ-2-1536x1536.png 1536w\" sizes=\"auto, (max-width: 280px) 100vw, 280px\" \/><\/a><\/div><\/div>\n<\/div>\n\n\n\n<h1 class=\"wp-block-heading alignwide has-custom-color-2-color has-text-color has-link-color has-alice-font-family has-xx-large-font-size wp-elements-db9f99365f270795ed012d370674269e\" style=\"text-decoration:none;text-transform:uppercase\">Weil ihr mehr verdient als Kompromisse<\/h1>\n\n\n\n<h2 class=\"wp-block-heading alignwide has-text-align-center has-custom-color-3-color has-text-color has-link-color has-large-font-size wp-elements-9a7a89b68d787e0c553a65f7fdb31129\">Liebe &amp; Leadership f\u00fcr Unternehmerpaare<\/h2>\n\n\n\n<div class=\"wp-block-buttons alignwide is-content-justification-center is-layout-flex wp-container-core-buttons-is-layout-a89b3969 wp-block-buttons-is-layout-flex\">\n<div class=\"wp-block-button is-style-fill\"><a class=\"wp-block-button__link has-alice-font-family has-large-font-size has-custom-font-size wp-element-button\" style=\"padding-top:0;padding-right:0;padding-bottom:0;padding-left:0\">Jetzt alles kaufen oder so<\/a><\/div>\n<\/div>\n\n\n\n<div class=\"wp-block-group alignfull has-global-padding is-layout-constrained wp-container-core-group-is-layout-ebee8dc1 wp-block-group-is-layout-constrained\" style=\"margin-top:0;margin-bottom:0;padding-top:var(--wp--preset--spacing--50);padding-bottom:var(--wp--preset--spacing--50)\">\n<h2 class=\"wp-block-heading alignwide\">Unsere Dienstleistungen<\/h2>\n\n\n\n<div class=\"wp-block-columns alignwide is-layout-flex wp-container-core-columns-is-layout-28f84493 wp-block-columns-is-layout-flex\">\n<div class=\"wp-block-column is-layout-flow wp-block-column-is-layout-flow\">\n<figure class=\"wp-block-image size-full\" style=\"margin-bottom:24px\"><img decoding=\"async\" src=\"https:\/\/www.paar-exzellenz.de\/wp-content\/themes\/twentytwentyfive\/assets\/images\/campanula-alliariifolia-flower.webp\" alt=\"Bild f\u00fcr die Dienstleistung\" style=\"aspect-ratio:4\/3;object-fit:cover\"\/><\/figure>\n\n\n\n<h3 class=\"wp-block-heading\">Sammeln<\/h3>\n\n\n\n<p class=\"has-medium-font-size\">Wie Blumen, die an unerwarteten Orten bl\u00fchen, entfaltet sich jede Geschichte mit Sch\u00f6nheit und Widerstandsf\u00e4higkeit<\/p>\n<\/div>\n\n\n\n<div class=\"wp-block-column is-layout-flow wp-block-column-is-layout-flow\">\n<figure class=\"wp-block-image size-full\" style=\"margin-bottom:24px\"><img decoding=\"async\" src=\"https:\/\/www.paar-exzellenz.de\/wp-content\/themes\/twentytwentyfive\/assets\/images\/delphinium-flowers.webp\" alt=\"Bild f\u00fcr die Dienstleistung\" style=\"aspect-ratio:4\/3;object-fit:cover\"\/><\/figure>\n\n\n\n<h3 class=\"wp-block-heading\">Zusammenstellen<\/h3>\n\n\n\n<p class=\"has-medium-font-size\">Wie Blumen, die an unerwarteten Orten bl\u00fchen, entfaltet sich jede Geschichte mit Sch\u00f6nheit und Widerstandsf\u00e4higkeit<\/p>\n<\/div>\n\n\n\n<div class=\"wp-block-column is-layout-flow wp-block-column-is-layout-flow\">\n<figure class=\"wp-block-image size-full\" style=\"margin-bottom:24px\"><img decoding=\"async\" src=\"https:\/\/www.paar-exzellenz.de\/wp-content\/themes\/twentytwentyfive\/assets\/images\/star-thristle-flower.webp\" alt=\"Bild f\u00fcr die Dienstleistung\" style=\"aspect-ratio:4\/3;object-fit:cover\"\/><\/figure>\n\n\n\n<h3 class=\"wp-block-heading\">Liefern<\/h3>\n\n\n\n<p class=\"has-medium-font-size\">Wie Blumen, die an unerwarteten Orten bl\u00fchen, entfaltet sich jede Geschichte mit Sch\u00f6nheit und Widerstandsf\u00e4higkeit<\/p>\n<\/div>\n<\/div>\n<\/div>\n\n\n\n<div class=\"wp-block-group alignfull has-global-padding is-layout-constrained wp-block-group-is-layout-constrained\" style=\"margin-top:0;margin-bottom:0;padding-top:var(--wp--preset--spacing--60);padding-bottom:var(--wp--preset--spacing--60)\">\n<div class=\"wp-block-columns alignwide is-layout-flex wp-container-core-columns-is-layout-74b2cda3 wp-block-columns-is-layout-flex\">\n<div class=\"wp-block-column is-layout-flow wp-block-column-is-layout-flow\">\n<div class=\"wp-block-group is-vertical is-content-justification-left is-layout-flex wp-container-core-group-is-layout-7ce391b6 wp-block-group-is-layout-flex\" style=\"min-height:100%\">\n<h2 class=\"wp-block-heading is-style-text-annotation has-x-small-font-size is-style-text-annotation--1\">Was die Leute sagen<\/h2>\n\n\n\n<blockquote class=\"wp-block-quote is-style-plain has-x-large-font-size is-layout-flow wp-container-core-quote-is-layout-5dafc681 wp-block-quote-is-layout-flow is-style-plain--2\" style=\"font-style:normal;font-weight:400\">\n<div class=\"wp-block-group has-global-padding is-content-justification-left is-layout-constrained wp-container-core-group-is-layout-085bd3d9 wp-block-group-is-layout-constrained\" style=\"margin-top:0;margin-bottom:0;padding-top:0;padding-right:0;padding-bottom:0;padding-left:0\">\n<p class=\"has-xx-large-font-size\">\u201eHervorragendes Produkt und toller Kundenservice!\u201c<\/p>\n<\/div>\n<cite>Noah Hoffmann <br><sub>Bonn<\/sub><\/cite><\/blockquote>\n<\/div>\n<\/div>\n\n\n\n<div class=\"wp-block-column is-layout-flow wp-block-column-is-layout-flow\" style=\"padding-top:0;padding-right:0;padding-bottom:0;padding-left:0\">\n<figure class=\"wp-block-image size-large\"><img decoding=\"async\" src=\"https:\/\/www.paar-exzellenz.de\/wp-content\/themes\/twentytwentyfive\/assets\/images\/typewriter.webp\" alt=\"Bild einer Person, die auf einer Schreibmaschine tippt.\" style=\"aspect-ratio:1;object-fit:cover\"\/><\/figure>\n<\/div>\n<\/div>\n<\/div>\n\n\n\n<div class=\"wp-block-group alignfull has-global-padding is-layout-constrained wp-block-group-is-layout-constrained\" style=\"margin-top:0;margin-bottom:0;padding-top:var(--wp--preset--spacing--60);padding-bottom:var(--wp--preset--spacing--60)\">\n<h2 class=\"wp-block-heading alignwide has-text-align-center\">Preisgestaltung<\/h2>\n\n\n\n<p class=\"has-text-align-center\">Du kannst jederzeit k\u00fcndigen oder pausieren.<\/p>\n\n\n\n<div style=\"height:var(--wp--preset--spacing--40)\" aria-hidden=\"true\" class=\"wp-block-spacer\"><\/div>\n\n\n\n<div class=\"wp-block-columns alignwide is-layout-flex wp-container-core-columns-is-layout-1d9f35bd wp-block-columns-is-layout-flex\">\n<div class=\"wp-block-column has-border-color is-layout-flow wp-block-column-is-layout-flow\" style=\"border-color:var(--wp--preset--color--accent-6);border-width:1px;border-radius:10px;padding-top:var(--wp--preset--spacing--50);padding-right:var(--wp--preset--spacing--50);padding-bottom:var(--wp--preset--spacing--50);padding-left:var(--wp--preset--spacing--50)\">\n<h3 class=\"wp-block-heading\" id=\"free\">Kostenlos<\/h3>\n\n\n\n<p class=\"has-large-font-size\">0&nbsp;\u20ac<\/p>\n\n\n\n<ul style=\"padding-bottom:var(--wp--preset--spacing--20);padding-left:var(--wp--preset--spacing--20)\" class=\"wp-block-list is-style-checkmark-list has-small-font-size\">\n<li>Erhalte Zugang zu unseren bezahlten Artikeln und unserem w\u00f6chentlichen Newsletter.<\/li>\n\n\n\n<li>Nimm an unseren IRL-Veranstaltungen teil.<\/li>\n\n\n\n<li>Erhalte eine kostenlose Tragetasche.<\/li>\n\n\n\n<li>Eine elegante Erg\u00e4nzung der Wohnkultur-Kollektion.<\/li>\n\n\n\n<li>Tritt unseren Foren bei.<\/li>\n<\/ul>\n\n\n\n<div class=\"wp-block-buttons is-content-justification-center is-layout-flex wp-container-core-buttons-is-layout-a89b3969 wp-block-buttons-is-layout-flex\">\n<div class=\"wp-block-button has-custom-width wp-block-button__width-100\"><a class=\"wp-block-button__link wp-element-button\">Beitreten<\/a><\/div>\n<\/div>\n<\/div>\n\n\n\n<div class=\"wp-block-column has-border-color is-layout-flow wp-block-column-is-layout-flow\" style=\"border-color:var(--wp--preset--color--accent-6);border-width:1px;border-radius:10px;padding-top:var(--wp--preset--spacing--50);padding-right:var(--wp--preset--spacing--50);padding-bottom:var(--wp--preset--spacing--50);padding-left:var(--wp--preset--spacing--50)\">\n<h3 class=\"wp-block-heading\" id=\"single\">Einzel<\/h3>\n\n\n\n<p class=\"has-large-font-size\">20&nbsp;\u20ac\/Monat<\/p>\n\n\n\n<ul style=\"padding-bottom:var(--wp--preset--spacing--20);padding-left:var(--wp--preset--spacing--20)\" class=\"wp-block-list is-style-checkmark-list has-small-font-size\">\n<li>Erhalte Zugang zu unseren bezahlten Artikeln und unserem w\u00f6chentlichen Newsletter.<\/li>\n\n\n\n<li>Nimm an unseren IRL-Veranstaltungen teil.<\/li>\n\n\n\n<li>Erhalte eine kostenlose Tragetasche.<\/li>\n\n\n\n<li>Eine elegante Erg\u00e4nzung der Wohnkultur-Kollektion.<\/li>\n\n\n\n<li>Tritt unseren Foren bei.<\/li>\n<\/ul>\n\n\n\n<div class=\"wp-block-buttons is-content-justification-center is-layout-flex wp-container-core-buttons-is-layout-a89b3969 wp-block-buttons-is-layout-flex\">\n<div class=\"wp-block-button has-custom-width wp-block-button__width-100\"><a class=\"wp-block-button__link wp-element-button\">Beitreten<\/a><\/div>\n<\/div>\n<\/div>\n<\/div>\n<\/div>\n\n\n\n<aside class=\"wp-block-group alignfull is-style-section-3 has-custom-color-3-color has-custom-color-4-background-color has-text-color has-background has-link-color wp-elements-218b016e148c982fecbcf0c63a5fbe3f has-global-padding is-layout-constrained wp-container-core-group-is-layout-f0f2a97b wp-block-group-is-layout-constrained is-style-section-3--3\" style=\"margin-top:0;margin-bottom:0;padding-top:var(--wp--preset--spacing--50);padding-right:var(--wp--preset--spacing--50);padding-bottom:var(--wp--preset--spacing--50);padding-left:var(--wp--preset--spacing--50)\"><\/aside>\n\n\n\n<div class=\"wp-block-group alignfull has-background-color has-white-color has-black-background-color has-text-color has-background has-link-color wp-elements-5724c65998a639473baf82e2747fcdee has-global-padding is-layout-constrained wp-container-core-group-is-layout-23b1a4dc wp-block-group-is-layout-constrained\" style=\"padding-top:var(--wp--preset--spacing--30);padding-right:var(--wp--preset--spacing--30);padding-bottom:var(--wp--preset--spacing--30);padding-left:var(--wp--preset--spacing--30)\">\n<div class=\"wp-block-group alignwide is-content-justification-space-between is-layout-flex wp-container-core-group-is-layout-b585a4aa wp-block-group-is-layout-flex\">\n<div class=\"wp-block-group is-layout-flex wp-block-group-is-layout-flex\"><div class=\"is-default-size wp-block-site-logo\"><a href=\"https:\/\/www.paar-exzellenz.de\/\" class=\"custom-logo-link\" rel=\"home\"><img loading=\"lazy\" decoding=\"async\" width=\"1563\" height=\"1563\" src=\"https:\/\/www.paar-exzellenz.de\/wp-content\/uploads\/2026\/05\/PAAR-EXZELLENZ-2.png\" class=\"custom-logo\" alt=\"Paar Exzellenz\" srcset=\"https:\/\/www.paar-exzellenz.de\/wp-content\/uploads\/2026\/05\/PAAR-EXZELLENZ-2.png 1563w, https:\/\/www.paar-exzellenz.de\/wp-content\/uploads\/2026\/05\/PAAR-EXZELLENZ-2-300x300.png 300w, https:\/\/www.paar-exzellenz.de\/wp-content\/uploads\/2026\/05\/PAAR-EXZELLENZ-2-1024x1024.png 1024w, https:\/\/www.paar-exzellenz.de\/wp-content\/uploads\/2026\/05\/PAAR-EXZELLENZ-2-150x150.png 150w, https:\/\/www.paar-exzellenz.de\/wp-content\/uploads\/2026\/05\/PAAR-EXZELLENZ-2-768x768.png 768w, https:\/\/www.paar-exzellenz.de\/wp-content\/uploads\/2026\/05\/PAAR-EXZELLENZ-2-1536x1536.png 1536w\" sizes=\"auto, (max-width: 1563px) 100vw, 1563px\" \/><\/a><\/div>\n\n<h1 class=\"has-link-color wp-elements-f1e98d6c897e424c7d4e8232ded39f0a wp-block-site-title\"><a href=\"https:\/\/www.paar-exzellenz.de\" target=\"_self\" rel=\"home\">Paar Exzellenz<\/a><\/h1><\/div>\n\n\n\n<div class=\"wp-block-group is-layout-flex wp-block-group-is-layout-flex\"><nav class=\"is-responsive items-justified-right wp-block-navigation is-content-justification-right is-layout-flex wp-container-core-navigation-is-layout-f665d2b5 wp-block-navigation-is-layout-flex\" aria-label=\"Navigation\" \n\t\t data-wp-interactive=\"core\/navigation\" data-wp-context='{\"overlayOpenedBy\":{\"click\":false,\"hover\":false,\"focus\":false},\"type\":\"overlay\",\"roleAttribute\":\"\",\"ariaLabel\":\"Men\\u00fc\"}'><button aria-haspopup=\"dialog\" aria-label=\"Men\u00fc \u00f6ffnen\" class=\"wp-block-navigation__responsive-container-open\" \n\t\t\t\tdata-wp-on--click=\"actions.openMenuOnClick\"\n\t\t\t\tdata-wp-on--keydown=\"actions.handleMenuKeydown\"\n\t\t\t><svg width=\"24\" height=\"24\" xmlns=\"http:\/\/www.w3.org\/2000\/svg\" viewBox=\"0 0 24 24\" aria-hidden=\"true\" focusable=\"false\"><path d=\"M4 7.5h16v1.5H4z\"><\/path><path d=\"M4 15h16v1.5H4z\"><\/path><\/svg><\/button>\n\t\t\t\t<div class=\"wp-block-navigation__responsive-container\"  id=\"modal-4\" \n\t\t\t\tdata-wp-class--has-modal-open=\"state.isMenuOpen\"\n\t\t\t\tdata-wp-class--is-menu-open=\"state.isMenuOpen\"\n\t\t\t\tdata-wp-watch=\"callbacks.initMenu\"\n\t\t\t\tdata-wp-on--keydown=\"actions.handleMenuKeydown\"\n\t\t\t\tdata-wp-on--focusout=\"actions.handleMenuFocusout\"\n\t\t\t\ttabindex=\"-1\"\n\t\t\t>\n\t\t\t\t\t<div class=\"wp-block-navigation__responsive-close\" tabindex=\"-1\">\n\t\t\t\t\t\t<div class=\"wp-block-navigation__responsive-dialog\" \n\t\t\t\tdata-wp-bind--aria-modal=\"state.ariaModal\"\n\t\t\t\tdata-wp-bind--aria-label=\"state.ariaLabel\"\n\t\t\t\tdata-wp-bind--role=\"state.roleAttribute\"\n\t\t\t>\n\t\t\t\t\t\t\t<button aria-label=\"Men\u00fc schlie\u00dfen\" class=\"wp-block-navigation__responsive-container-close\" \n\t\t\t\tdata-wp-on--click=\"actions.closeMenuOnClick\"\n\t\t\t><svg xmlns=\"http:\/\/www.w3.org\/2000\/svg\" viewBox=\"0 0 24 24\" width=\"24\" height=\"24\" aria-hidden=\"true\" focusable=\"false\"><path d=\"m13.06 12 6.47-6.47-1.06-1.06L12 10.94 5.53 4.47 4.47 5.53 10.94 12l-6.47 6.47 1.06 1.06L12 13.06l6.47 6.47 1.06-1.06L13.06 12Z\"><\/path><\/svg><\/button>\n\t\t\t\t\t\t\t<div class=\"wp-block-navigation__responsive-container-content\" \n\t\t\t\tdata-wp-watch=\"callbacks.focusFirstElement\"\n\t\t\t id=\"modal-4-content\">\n\t\t\t\t\t\t\t\t<ul class=\"wp-block-navigation__container is-responsive items-justified-right wp-block-navigation\"><ul class=\"wp-block-page-list\"><li class=\"wp-block-pages-list__item wp-block-navigation-item open-on-hover-click menu-item-home\"><a class=\"wp-block-pages-list__item__link wp-block-navigation-item__content\" href=\"https:\/\/www.paar-exzellenz.de\/\">(kein Titel)<\/a><\/li><li class=\"wp-block-pages-list__item wp-block-navigation-item open-on-hover-click\"><a class=\"wp-block-pages-list__item__link wp-block-navigation-item__content\" href=\"https:\/\/www.paar-exzellenz.de\/?page_id=2\">Sample Page<\/a><\/li><\/ul><\/ul>\n\t\t\t\t\t\t\t<\/div>\n\t\t\t\t\t\t<\/div>\n\t\t\t\t\t<\/div>\n\t\t\t\t<\/div><\/nav><\/div>\n<\/div>\n<\/div>\n\n\n\n<p><\/p>\n","protected":false},"excerpt":{"rendered":"<p>Weil ihr mehr verdient als Kompromisse Liebe &amp; Leadership f\u00fcr Unternehmerpaare Unsere Dienstleistungen Sammeln Wie Blumen, die an unerwarteten Orten bl\u00fchen, entfaltet sich jede Geschichte mit Sch\u00f6nheit und Widerstandsf\u00e4higkeit Zusammenstellen Wie Blumen, die an unerwarteten Orten bl\u00fchen, entfaltet sich jede Geschichte mit Sch\u00f6nheit und Widerstandsf\u00e4higkeit Liefern Wie Blumen, die an unerwarteten Orten bl\u00fchen, entfaltet sich [&hellip;]<\/p>\n","protected":false},"author":1,"featured_media":0,"parent":0,"menu_order":0,"comment_status":"closed","ping_status":"closed","template":"","meta":{"footnotes":""},"class_list":["post-14","page","type-page","status-publish","hentry"],"_links":{"self":[{"href":"https:\/\/www.paar-exzellenz.de\/index.php?rest_route=\/wp\/v2\/pages\/14","targetHints":{"allow":["GET"]}}],"collection":[{"href":"https:\/\/www.paar-exzellenz.de\/index.php?rest_route=\/wp\/v2\/pages"}],"about":[{"href":"https:\/\/www.paar-exzellenz.de\/index.php?rest_route=\/wp\/v2\/types\/page"}],"author":[{"embeddable":true,"href":"https:\/\/www.paar-exzellenz.de\/index.php?rest_route=\/wp\/v2\/users\/1"}],"replies":[{"embeddable":true,"href":"https:\/\/www.paar-exzellenz.de\/index.php?rest_route=%2Fwp%2Fv2%2Fcomments&post=14"}],"version-history":[{"count":5,"href":"https:\/\/www.paar-exzellenz.de\/index.php?rest_route=\/wp\/v2\/pages\/14\/revisions"}],"predecessor-version":[{"id":35,"href":"https:\/\/www.paar-exzellenz.de\/index.php?rest_route=\/wp\/v2\/pages\/14\/revisions\/35"}],"wp:attachment":[{"href":"https:\/\/www.paar-exzellenz.de\/index.php?rest_route=%2Fwp%2Fv2%2Fmedia&parent=14"}],"curies":[{"name":"wp","href":"https:\/\/api.w.org\/{rel}","templated":true}]}}